{"id":987497707,"date":"2024-05-29T14:24:20","date_gmt":"2024-05-29T12:24:20","guid":{"rendered":"https:\/\/tryggrenhold.no\/?page_id=987497707"},"modified":"2025-02-26T09:49:53","modified_gmt":"2025-02-26T08:49:53","slug":"tjenester","status":"publish","type":"page","link":"https:\/\/tryggrenhold.no\/?page_id=987497707","title":{"rendered":"Tjenester"},"content":{"rendered":"<p>[et_pb_section fb_built=&raquo;1&#8243; fullwidth=&raquo;on&raquo; _builder_version=&raquo;4.25.1&#8243; _module_preset=&raquo;default&raquo; global_colors_info=&raquo;{}&raquo;][et_pb_fullwidth_slider _builder_version=&raquo;4.25.1&#8243; _module_preset=&raquo;default&raquo; height=&raquo;25vh&raquo; animation_style=&raquo;fade&raquo; auto=&raquo;on&raquo; global_colors_info=&raquo;{}&raquo;][et_pb_slide use_bg_overlay=&raquo;off&raquo; _builder_version=&raquo;4.25.1&#8243; _module_preset=&raquo;default&raquo; background_image=&raquo;https:\/\/tryggrenhold.no\/wp-content\/uploads\/2024\/05\/slidenumber1-1-scaled.jpg&raquo; background_enable_image=&raquo;on&raquo; width=&raquo;100%&raquo; global_colors_info=&raquo;{}&raquo; sticky_transition=&raquo;on&raquo;][\/et_pb_slide][et_pb_slide button_text=&raquo;Klikk&raquo; _builder_version=&raquo;4.25.1&#8243; _module_preset=&raquo;default&raquo; background_image=&raquo;https:\/\/tryggrenhold.no\/wp-content\/uploads\/2024\/05\/slidenumber2-1.jpg&raquo; background_enable_image=&raquo;on&raquo; global_colors_info=&raquo;{}&raquo; sticky_transition=&raquo;on&raquo;][\/et_pb_slide][\/et_pb_fullwidth_slider][\/et_pb_section][et_pb_section fb_built=&raquo;1&#8243; _builder_version=&raquo;4.25.1&#8243; _module_preset=&raquo;default&raquo; custom_padding=&raquo;50px||20px||false|false&raquo; global_colors_info=&raquo;{}&raquo;][et_pb_row _builder_version=&raquo;4.25.1&#8243; _module_preset=&raquo;default&raquo; global_colors_info=&raquo;{}&raquo;][et_pb_column type=&raquo;4_4&#8243; _builder_version=&raquo;4.25.1&#8243; _module_preset=&raquo;default&raquo; global_colors_info=&raquo;{}&raquo;][et_pb_text _builder_version=&raquo;4.25.1&#8243; _module_preset=&raquo;default&raquo; custom_padding=&raquo;0px||0px||false|false&raquo; global_colors_info=&raquo;{}&raquo;]<\/p>\n<h2 class=\"text-left element-top-50 element-bottom-20 os-animation big default animated fadeIn\" data-os-animation=\"fadeIn\" data-os-animation-delay=\"0s\">Daglig renhold<\/h2>\n<p>[\/et_pb_text][et_pb_divider color=&raquo;#0099CC&raquo; divider_weight=&raquo;3px&raquo; module_class=&raquo;dct_ft_dvdr&raquo; _builder_version=&raquo;4.25.1&#8243; max_width=&raquo;15%&raquo; module_alignment=&raquo;left&raquo; custom_margin=&raquo;-20px||0px||false|false&raquo; custom_padding=&raquo;0px||0px||false|false&raquo; locked=&raquo;off&raquo; global_colors_info=&raquo;{}&raquo;][\/et_pb_divider][et_pb_text module_class=&raquo;pa-bullet-list-1&#8243; _builder_version=&raquo;4.25.1&#8243; _module_preset=&raquo;default&raquo; custom_css_free_form=&raquo;\/*bullet checklist by www.peeayecreative.com*\/||.pa-bullet-list-1 ul {||list-style-type: none!important;||}||.pa-bullet-list-1 ul li:before {||content: &#8216;%92e052&#8217;!important;||color: #0099cc;||font-family: &#8216;ETMODULES&#8217;!important;||margin-right: 10px;||margin-left: -14px;||font-size: 1.0em!important;||}&raquo; global_colors_info=&raquo;{}&raquo;]<\/p>\n<p>Trygg Renhold har over 80 \u00e5rs erfaring som profesjonell leverand\u00f8r av daglig og periodisk renhold. Fagmessig utf\u00f8rt renhold legger grunnlaget for et godt arbeidsmilj\u00f8 og bidrar til trivsel p\u00e5 arbeidsplassen. Regelmessig og profesjonelt utf\u00f8rt renhold forlenger levetiden p\u00e5 inventar og bygninger, og reduserer de totale vedlikeholdskostnader. Vi utf\u00f8rer daglig renhold i samsvar med et arbeidsomfang knyttet til den renholdsstandard kunden har valgt<\/p>\n<p>[\/et_pb_text][\/et_pb_column][\/et_pb_row][et_pb_row column_structure=&raquo;1_5,3_5,1_5&#8243; use_custom_gutter=&raquo;on&raquo; gutter_width=&raquo;1&#8243; make_equal=&raquo;on&raquo; _builder_version=&raquo;4.25.1&#8243; _module_preset=&raquo;default&raquo; module_alignment=&raquo;center&raquo; global_colors_info=&raquo;{}&raquo;][et_pb_column type=&raquo;1_5&#8243; _builder_version=&raquo;4.25.1&#8243; _module_preset=&raquo;default&raquo; global_colors_info=&raquo;{}&raquo;][et_pb_image src=&raquo;https:\/\/tryggrenhold.no\/wp-content\/uploads\/2024\/05\/metoder.png&raquo; title_text=&raquo;metoder&raquo; align=&raquo;center&raquo; _builder_version=&raquo;4.25.1&#8243; _module_preset=&raquo;default&raquo; module_alignment=&raquo;center&raquo; custom_margin=&raquo;-10px||||false|false&raquo; global_colors_info=&raquo;{}&raquo;][\/et_pb_image][\/et_pb_column][et_pb_column type=&raquo;3_5&#8243; _builder_version=&raquo;4.25.1&#8243; _module_preset=&raquo;default&raquo; global_colors_info=&raquo;{}&raquo;][et_pb_text _builder_version=&raquo;4.25.1&#8243; _module_preset=&raquo;default&raquo; max_width=&raquo;90%&raquo; module_alignment=&raquo;left&raquo; global_colors_info=&raquo;{}&raquo;]<\/p>\n<h3>Metoder<\/h3>\n<p>Vi holder oss kontinuerlig oppdatert p\u00e5 de beste metoder for renhold. Den riktige metoden er alltid den som bevarer overflaten lengst mulig.<\/p>\n<p>[\/et_pb_text][\/et_pb_column][et_pb_column type=&raquo;1_5&#8243; _builder_version=&raquo;4.25.1&#8243; _module_preset=&raquo;default&raquo; global_colors_info=&raquo;{}&raquo;][\/et_pb_column][\/et_pb_row][et_pb_row column_structure=&raquo;1_5,3_5,1_5&#8243; use_custom_gutter=&raquo;on&raquo; gutter_width=&raquo;1&#8243; make_equal=&raquo;on&raquo; _builder_version=&raquo;4.25.1&#8243; _module_preset=&raquo;default&raquo; module_alignment=&raquo;center&raquo; global_colors_info=&raquo;{}&raquo;][et_pb_column type=&raquo;1_5&#8243; _builder_version=&raquo;4.25.1&#8243; _module_preset=&raquo;default&raquo; global_colors_info=&raquo;{}&raquo;][et_pb_image src=&raquo;https:\/\/tryggrenhold.no\/wp-content\/uploads\/2024\/05\/utstyr.png&raquo; title_text=&raquo;utstyr&raquo; align=&raquo;center&raquo; _builder_version=&raquo;4.25.1&#8243; _module_preset=&raquo;default&raquo; module_alignment=&raquo;center&raquo; custom_margin=&raquo;||||false|false&raquo; global_colors_info=&raquo;{}&raquo;][\/et_pb_image][\/et_pb_column][et_pb_column type=&raquo;3_5&#8243; _builder_version=&raquo;4.25.1&#8243; _module_preset=&raquo;default&raquo; global_colors_info=&raquo;{}&raquo;][et_pb_text _builder_version=&raquo;4.25.1&#8243; _module_preset=&raquo;default&raquo; max_width=&raquo;90%&raquo; module_alignment=&raquo;left&raquo; global_colors_info=&raquo;{}&raquo;]<\/p>\n<h3>Utstyr<\/h3>\n<p>Trygg Renhold har en velutstyrt og moderne maskinpark for utf\u00f8relse av alle typer renholdsoppgaver. Maskinparken holdes alltid oppdatert og er noe av det beste som finnes i markedet.<\/p>\n<p>[\/et_pb_text][\/et_pb_column][et_pb_column type=&raquo;1_5&#8243; _builder_version=&raquo;4.25.1&#8243; _module_preset=&raquo;default&raquo; global_colors_info=&raquo;{}&raquo;][\/et_pb_column][\/et_pb_row][et_pb_row column_structure=&raquo;1_5,3_5,1_5&#8243; use_custom_gutter=&raquo;on&raquo; gutter_width=&raquo;1&#8243; make_equal=&raquo;on&raquo; _builder_version=&raquo;4.25.1&#8243; _module_preset=&raquo;default&raquo; module_alignment=&raquo;center&raquo; global_colors_info=&raquo;{}&raquo;][et_pb_column type=&raquo;1_5&#8243; _builder_version=&raquo;4.25.1&#8243; _module_preset=&raquo;default&raquo; global_colors_info=&raquo;{}&raquo;][et_pb_image src=&raquo;https:\/\/tryggrenhold.no\/wp-content\/uploads\/2024\/05\/kvalitet.png&raquo; title_text=&raquo;kvalitet&raquo; align=&raquo;center&raquo; _builder_version=&raquo;4.25.1&#8243; _module_preset=&raquo;default&raquo; module_alignment=&raquo;center&raquo; custom_margin=&raquo;10px||||false|false&raquo; global_colors_info=&raquo;{}&raquo;][\/et_pb_image][\/et_pb_column][et_pb_column type=&raquo;3_5&#8243; _builder_version=&raquo;4.25.1&#8243; _module_preset=&raquo;default&raquo; global_colors_info=&raquo;{}&raquo;][et_pb_text _builder_version=&raquo;4.25.1&#8243; _module_preset=&raquo;default&raquo; max_width=&raquo;90%&raquo; module_alignment=&raquo;left&raquo; global_colors_info=&raquo;{}&raquo;]<\/p>\n<h3>Kvalitetskontroll<\/h3>\n<p>V\u00e5r jevnlige kvalitetskontroll sikrer at du f\u00e5r det du betaler for. Ved inng\u00e5else av kontrakt med Trygg Renhold tilbyr vi et m\u00e5nedlig m\u00f8te hvor bl.a. renholdskvaliteten kontrolleres. Eventuelle klager og avvik rapporteres skriftlig. Alle avvik rettes opp og etterkontrolleres. Kunden f\u00e5r en kontaktperson \u00e5 forholde seg til.<\/p>\n<p>[\/et_pb_text][\/et_pb_column][et_pb_column type=&raquo;1_5&#8243; _builder_version=&raquo;4.25.1&#8243; _module_preset=&raquo;default&raquo; global_colors_info=&raquo;{}&raquo;][\/et_pb_column][\/et_pb_row][et_pb_row column_structure=&raquo;1_5,3_5,1_5&#8243; use_custom_gutter=&raquo;on&raquo; gutter_width=&raquo;1&#8243; make_equal=&raquo;on&raquo; _builder_version=&raquo;4.25.1&#8243; _module_preset=&raquo;default&raquo; module_alignment=&raquo;center&raquo; global_colors_info=&raquo;{}&raquo;][et_pb_column type=&raquo;1_5&#8243; _builder_version=&raquo;4.25.1&#8243; _module_preset=&raquo;default&raquo; global_colors_info=&raquo;{}&raquo;][et_pb_image src=&raquo;https:\/\/tryggrenhold.no\/wp-content\/uploads\/2024\/05\/maleutstyr.png&raquo; title_text=&raquo;m\u00e5leutstyr&raquo; align=&raquo;center&raquo; _builder_version=&raquo;4.25.1&#8243; _module_preset=&raquo;default&raquo; module_alignment=&raquo;center&raquo; custom_margin=&raquo;10px||||false|false&raquo; global_colors_info=&raquo;{}&raquo;][\/et_pb_image][\/et_pb_column][et_pb_column type=&raquo;3_5&#8243; _builder_version=&raquo;4.25.1&#8243; _module_preset=&raquo;default&raquo; global_colors_info=&raquo;{}&raquo;][et_pb_text _builder_version=&raquo;4.25.1&#8243; _module_preset=&raquo;default&raquo; max_width=&raquo;90%&raquo; module_alignment=&raquo;left&raquo; global_colors_info=&raquo;{}&raquo;]<\/p>\n<h3>M\u00e5leutstyr<\/h3>\n<p>Vi behersker alle aktuelle tekniske m\u00e5leapparater. Disse kan m\u00e5le st\u00f8vdekkeprosent, blankhetsgrad, friksjon o.l. Ved avtaleinng\u00e5else kan det fastsettes niv\u00e5er for dette, og m\u00e5linger vil kunne vise om kriteriene og kravene innfris.<\/p>\n<p>[\/et_pb_text][\/et_pb_column][et_pb_column type=&raquo;1_5&#8243; _builder_version=&raquo;4.25.1&#8243; _module_preset=&raquo;default&raquo; global_colors_info=&raquo;{}&raquo;][\/et_pb_column][\/et_pb_row][\/et_pb_section][et_pb_section fb_built=&raquo;1&#8243; _builder_version=&raquo;4.25.1&#8243; _module_preset=&raquo;default&raquo; background_color=&raquo;rgba(0,0,0,0.1)&raquo; custom_padding=&raquo;0px||0px||false|false&raquo; global_colors_info=&raquo;{}&raquo;][et_pb_row column_structure=&raquo;1_2,1_2&#8243; _builder_version=&raquo;4.25.1&#8243; _module_preset=&raquo;default&raquo; custom_margin=&raquo;||||false|false&raquo; custom_padding=&raquo;50px||50px||true|false&raquo; global_colors_info=&raquo;{}&raquo;][et_pb_column type=&raquo;1_2&#8243; _builder_version=&raquo;4.25.1&#8243; _module_preset=&raquo;default&raquo; global_colors_info=&raquo;{}&raquo;][et_pb_text _builder_version=&raquo;4.25.1&#8243; _module_preset=&raquo;default&raquo; custom_padding=&raquo;0px||0px||false|false&raquo; global_colors_info=&raquo;{}&raquo;]<\/p>\n<h2 class=\"text-left element-top-50 element-bottom-20 os-animation big default animated fadeIn\" data-os-animation=\"fadeIn\" data-os-animation-delay=\"0s\">Periodisk renhold<\/h2>\n<p>[\/et_pb_text][et_pb_divider color=&raquo;#0099CC&raquo; divider_weight=&raquo;3px&raquo; module_class=&raquo;dct_ft_dvdr&raquo; _builder_version=&raquo;4.25.1&#8243; max_width=&raquo;15%&raquo; module_alignment=&raquo;left&raquo; custom_margin=&raquo;-20px||0px||false|false&raquo; custom_padding=&raquo;0px||0px||false|false&raquo; locked=&raquo;off&raquo; global_colors_info=&raquo;{}&raquo;][\/et_pb_divider][et_pb_text module_class=&raquo;pa-bullet-list-1&#8243; _builder_version=&raquo;4.25.1&#8243; _module_preset=&raquo;default&raquo; custom_css_free_form=&raquo;\/*bullet checklist by www.peeayecreative.com*\/||.pa-bullet-list-1 ul {||list-style-type: none!important;||}||.pa-bullet-list-1 ul li:before {||content: &#8216;%92e052&#8217;!important;||color: #0099cc;||font-family: &#8216;ETMODULES&#8217;!important;||margin-right: 10px;||margin-left: -14px;||font-size: 1.0em!important;||}&raquo; global_colors_info=&raquo;{}&raquo;]<\/p>\n<p>Trygg Renhold har over 80 \u00e5rs erfaring som profesjonell leverand\u00f8r av daglig og periodisk renhold. Fagmessig utf\u00f8rt renhold legger grunnlaget for et godt arbeidsmilj\u00f8 og bidrar til trivsel p\u00e5 arbeidsplassen. Regelmessig og profesjonelt utf\u00f8rt renhold forlenger levetiden p\u00e5 inventar og bygninger, og reduserer de totale vedlikeholdskostnader. Vi utf\u00f8rer periodisk renhold i samsvar med avtalt arbeidsomfang og pris. Vi har b\u00e5de kompetanse og n\u00f8dvendig utstyr for \u00e5 utf\u00f8re alle typer periodiske renholdsoppgaver, s\u00e5som<\/p>\n<ul>\n<li>Hovedrengj\u00f8ring<\/li>\n<li>Renhold av tak, vegger, lysarmatur og fastmontert innredning<\/li>\n<li>Oppskuring og polishbehandling av gulv<\/li>\n<li>Teppe- og m\u00f8belrens<\/li>\n<li>Rensing og oljebehandling av parkett<\/li>\n<li>Byggrenhold<\/li>\n<\/ul>\n<p>[\/et_pb_text][\/et_pb_column][et_pb_column type=&raquo;1_2&#8243; _builder_version=&raquo;4.25.1&#8243; _module_preset=&raquo;default&raquo; global_colors_info=&raquo;{}&raquo;][et_pb_text _builder_version=&raquo;4.25.1&#8243; _module_preset=&raquo;default&raquo; custom_padding=&raquo;0px||0px||false|false&raquo; locked=&raquo;off&raquo; global_colors_info=&raquo;{}&raquo;]<\/p>\n<h2 class=\"text-left element-top-50 element-bottom-20 os-animation big default animated fadeIn\" data-os-animation=\"fadeIn\" data-os-animation-delay=\"0s\">Maskiner<\/h2>\n<p>[\/et_pb_text][et_pb_divider color=&raquo;#0099CC&raquo; divider_weight=&raquo;3px&raquo; module_class=&raquo;dct_ft_dvdr&raquo; _builder_version=&raquo;4.25.1&#8243; max_width=&raquo;15%&raquo; module_alignment=&raquo;left&raquo; custom_margin=&raquo;-20px||0px||false|false&raquo; custom_padding=&raquo;0px||0px||false|false&raquo; locked=&raquo;off&raquo; global_colors_info=&raquo;{}&raquo;][\/et_pb_divider][et_pb_text module_class=&raquo;pa-bullet-list-1&#8243; _builder_version=&raquo;4.25.1&#8243; _module_preset=&raquo;default&raquo; custom_css_free_form=&raquo;\/*bullet checklist by www.peeayecreative.com*\/||.pa-bullet-list-1 ul {||list-style-type: none!important;||}||.pa-bullet-list-1 ul li:before {||content: &#8216;%92e052&#8217;!important;||color: #0099cc;||font-family: &#8216;ETMODULES&#8217;!important;||margin-right: 10px;||margin-left: -14px;||font-size: 1.0em!important;||}&raquo; locked=&raquo;off&raquo; global_colors_info=&raquo;{}&raquo;]<\/p>\n<p>Trygg Renhold har en velutstyrt og moderne maskinpark for utf\u00f8relse av alle typer renholdsoppgaver. Maskinparken holdes alltid oppdatert og er noe av det beste som finnes i markedet.<\/p>\n<p>[\/et_pb_text][et_pb_text _builder_version=&raquo;4.25.1&#8243; _module_preset=&raquo;default&raquo; custom_padding=&raquo;0px||0px||false|false&raquo; locked=&raquo;off&raquo; global_colors_info=&raquo;{}&raquo;]<\/p>\n<h2 class=\"text-left element-top-50 element-bottom-20 os-animation big default animated fadeIn\" data-os-animation=\"fadeIn\" data-os-animation-delay=\"0s\">Metoder<\/h2>\n<p>[\/et_pb_text][et_pb_divider color=&raquo;#0099CC&raquo; divider_weight=&raquo;3px&raquo; module_class=&raquo;dct_ft_dvdr&raquo; _builder_version=&raquo;4.25.1&#8243; max_width=&raquo;15%&raquo; module_alignment=&raquo;left&raquo; custom_margin=&raquo;-20px||0px||false|false&raquo; custom_padding=&raquo;0px||0px||false|false&raquo; locked=&raquo;off&raquo; global_colors_info=&raquo;{}&raquo;][\/et_pb_divider][et_pb_text module_class=&raquo;pa-bullet-list-1&#8243; _builder_version=&raquo;4.25.1&#8243; _module_preset=&raquo;default&raquo; custom_css_free_form=&raquo;\/*bullet checklist by www.peeayecreative.com*\/||.pa-bullet-list-1 ul {||list-style-type: none!important;||}||.pa-bullet-list-1 ul li:before {||content: &#8216;%92e052&#8217;!important;||color: #0099cc;||font-family: &#8216;ETMODULES&#8217;!important;||margin-right: 10px;||margin-left: -14px;||font-size: 1.0em!important;||}&raquo; locked=&raquo;off&raquo; global_colors_info=&raquo;{}&raquo;]<\/p>\n<p>Vi holder oss kontinuerlig oppdatert p\u00e5 de beste metoder for renhold. Den riktige metoden er alltid den som bevarer overflaten lengst mulig.<\/p>\n<p>[\/et_pb_text][\/et_pb_column][\/et_pb_row][\/et_pb_section][et_pb_section fb_built=&raquo;1&#8243; _builder_version=&raquo;4.25.1&#8243; _module_preset=&raquo;default&raquo; background_color=&raquo;#FFFFFF&raquo; custom_padding=&raquo;0px||0px||false|false&raquo; global_colors_info=&raquo;{}&raquo;][et_pb_row column_structure=&raquo;1_2,1_2&#8243; _builder_version=&raquo;4.25.1&#8243; _module_preset=&raquo;default&raquo; custom_margin=&raquo;||||false|false&raquo; custom_padding=&raquo;50px||50px||true|false&raquo; global_colors_info=&raquo;{}&raquo;][et_pb_column type=&raquo;1_2&#8243; _builder_version=&raquo;4.25.1&#8243; _module_preset=&raquo;default&raquo; global_colors_info=&raquo;{}&raquo;][et_pb_text _builder_version=&raquo;4.27.4&#8243; _module_preset=&raquo;default&raquo; custom_padding=&raquo;0px||0px||false|false&raquo; hover_enabled=&raquo;0&#8243; global_colors_info=&raquo;{}&raquo; sticky_enabled=&raquo;0&#8243;]<\/p>\n<h2 class=\"text-left element-top-50 element-bottom-20 os-animation big default animated fadeIn\" data-os-animation=\"fadeIn\" data-os-animation-delay=\"0s\">Fasaderenhold (ikke Svanemerket)<\/h2>\n<p>[\/et_pb_text][et_pb_divider color=&raquo;#0099CC&raquo; divider_weight=&raquo;3px&raquo; module_class=&raquo;dct_ft_dvdr&raquo; _builder_version=&raquo;4.25.1&#8243; max_width=&raquo;15%&raquo; module_alignment=&raquo;left&raquo; custom_margin=&raquo;-20px||0px||false|false&raquo; custom_padding=&raquo;0px||0px||false|false&raquo; locked=&raquo;off&raquo; global_colors_info=&raquo;{}&raquo;][\/et_pb_divider][et_pb_text module_class=&raquo;pa-bullet-list-1&#8243; _builder_version=&raquo;4.25.1&#8243; _module_preset=&raquo;default&raquo; custom_css_free_form=&raquo;\/*bullet checklist by www.peeayecreative.com*\/||.pa-bullet-list-1 ul {||list-style-type: none!important;||}||.pa-bullet-list-1 ul li:before {||content: &#8216;%92e052&#8217;!important;||color: #0099cc;||font-family: &#8216;ETMODULES&#8217;!important;||margin-right: 10px;||margin-left: -14px;||font-size: 1.0em!important;||}&raquo; global_colors_info=&raquo;{}&raquo;]<\/p>\n<p>Vi utf\u00f8rer fasaderenhold, vinduspuss og graffitifjerning for en rekke sm\u00e5, mellomstore og store kunder i Oslo- og Akershusomr\u00e5det. V\u00e5re profesjonelle vinduspussere utf\u00f8rer oppdrag i alle h\u00f8yder.<\/p>\n<ul>\n<li>Fasaderenhold<\/li>\n<li>Vinduspuss<\/li>\n<li>Grafittifjerning<\/li>\n<\/ul>\n<p>[\/et_pb_text][\/et_pb_column][et_pb_column type=&raquo;1_2&#8243; _builder_version=&raquo;4.25.1&#8243; _module_preset=&raquo;default&raquo; global_colors_info=&raquo;{}&raquo;][\/et_pb_column][\/et_pb_row][\/et_pb_section]<\/p>\n","protected":false},"excerpt":{"rendered":"<p>Daglig renholdTrygg Renhold har over 80 \u00e5rs erfaring som profesjonell leverand\u00f8r av daglig og periodisk renhold. Fagmessig utf\u00f8rt renhold legger grunnlaget for et godt arbeidsmilj\u00f8 og bidrar til trivsel p\u00e5 arbeidsplassen. Regelmessig og profesjonelt utf\u00f8rt renhold forlenger levetiden p\u00e5 inventar og bygninger, og reduserer de totale vedlikeholdskostnader. Vi utf\u00f8rer daglig renhold i samsvar med et [&hellip;]<\/p>\n","protected":false},"author":1,"featured_media":0,"parent":0,"menu_order":0,"comment_status":"closed","ping_status":"closed","template":"","meta":{"_et_pb_use_builder":"on","_et_pb_old_content":"","_et_gb_content_width":"","footnotes":""},"class_list":["post-987497707","page","type-page","status-publish","hentry"],"_links":{"self":[{"href":"https:\/\/tryggrenhold.no\/index.php?rest_route=\/wp\/v2\/pages\/987497707","targetHints":{"allow":["GET"]}}],"collection":[{"href":"https:\/\/tryggrenhold.no\/index.php?rest_route=\/wp\/v2\/pages"}],"about":[{"href":"https:\/\/tryggrenhold.no\/index.php?rest_route=\/wp\/v2\/types\/page"}],"author":[{"embeddable":true,"href":"https:\/\/tryggrenhold.no\/index.php?rest_route=\/wp\/v2\/users\/1"}],"replies":[{"embeddable":true,"href":"https:\/\/tryggrenhold.no\/index.php?rest_route=%2Fwp%2Fv2%2Fcomments&post=987497707"}],"version-history":[{"count":5,"href":"https:\/\/tryggrenhold.no\/index.php?rest_route=\/wp\/v2\/pages\/987497707\/revisions"}],"predecessor-version":[{"id":987497785,"href":"https:\/\/tryggrenhold.no\/index.php?rest_route=\/wp\/v2\/pages\/987497707\/revisions\/987497785"}],"wp:attachment":[{"href":"https:\/\/tryggrenhold.no\/index.php?rest_route=%2Fwp%2Fv2%2Fmedia&parent=987497707"}],"curies":[{"name":"wp","href":"https:\/\/api.w.org\/{rel}","templated":true}]}}