{"id":987497715,"date":"2024-05-29T14:26:32","date_gmt":"2024-05-29T12:26:32","guid":{"rendered":"https:\/\/tryggrenhold.no\/?page_id=987497715"},"modified":"2025-02-26T10:01:15","modified_gmt":"2025-02-26T09:01:15","slug":"om-oss","status":"publish","type":"page","link":"https:\/\/tryggrenhold.no\/?page_id=987497715","title":{"rendered":"Om oss"},"content":{"rendered":"<p>[et_pb_section fb_built=&raquo;1&#8243; fullwidth=&raquo;on&raquo; _builder_version=&raquo;4.25.1&#8243; _module_preset=&raquo;default&raquo; global_colors_info=&raquo;{}&raquo;][et_pb_fullwidth_slider _builder_version=&raquo;4.25.1&#8243; _module_preset=&raquo;default&raquo; height=&raquo;25vh&raquo; animation_style=&raquo;fade&raquo; auto=&raquo;on&raquo; global_colors_info=&raquo;{}&raquo;][et_pb_slide use_bg_overlay=&raquo;off&raquo; _builder_version=&raquo;4.25.1&#8243; _module_preset=&raquo;default&raquo; background_image=&raquo;https:\/\/tryggrenhold.no\/wp-content\/uploads\/2024\/05\/slidenumber1-1-scaled.jpg&raquo; background_enable_image=&raquo;on&raquo; width=&raquo;100%&raquo; global_colors_info=&raquo;{}&raquo; sticky_transition=&raquo;on&raquo;][\/et_pb_slide][et_pb_slide button_text=&raquo;Klikk&raquo; _builder_version=&raquo;4.25.1&#8243; _module_preset=&raquo;default&raquo; background_image=&raquo;https:\/\/tryggrenhold.no\/wp-content\/uploads\/2024\/05\/slidenumber2-1.jpg&raquo; background_enable_image=&raquo;on&raquo; global_colors_info=&raquo;{}&raquo; sticky_transition=&raquo;on&raquo;][\/et_pb_slide][\/et_pb_fullwidth_slider][\/et_pb_section][et_pb_section fb_built=&raquo;1&#8243; _builder_version=&raquo;4.25.1&#8243; _module_preset=&raquo;default&raquo; custom_padding=&raquo;50px||20px||false|false&raquo; global_colors_info=&raquo;{}&raquo;][et_pb_row _builder_version=&raquo;4.25.1&#8243; _module_preset=&raquo;default&raquo; global_colors_info=&raquo;{}&raquo;][et_pb_column type=&raquo;4_4&#8243; _builder_version=&raquo;4.25.1&#8243; _module_preset=&raquo;default&raquo; global_colors_info=&raquo;{}&raquo;][et_pb_text _builder_version=&raquo;4.25.1&#8243; _module_preset=&raquo;default&raquo; custom_padding=&raquo;0px||0px||false|false&raquo; global_colors_info=&raquo;{}&raquo;]<\/p>\n<h2 class=\"text-left element-top-50 element-bottom-20 os-animation big default animated fadeIn\" data-os-animation=\"fadeIn\" data-os-animation-delay=\"0s\">Trygg Renhold &#8211; et godt og stabilt renholdsfirma<\/h2>\n<p>[\/et_pb_text][et_pb_divider color=&raquo;#0099CC&raquo; divider_weight=&raquo;3px&raquo; module_class=&raquo;dct_ft_dvdr&raquo; _builder_version=&raquo;4.25.1&#8243; max_width=&raquo;15%&raquo; module_alignment=&raquo;left&raquo; custom_margin=&raquo;-20px||0px||false|false&raquo; custom_padding=&raquo;0px||0px||false|false&raquo; locked=&raquo;off&raquo; global_colors_info=&raquo;{}&raquo;][\/et_pb_divider][et_pb_text module_class=&raquo;pa-bullet-list-1&#8243; _builder_version=&raquo;4.25.1&#8243; _module_preset=&raquo;default&raquo; custom_css_free_form=&raquo;\/*bullet checklist by www.peeayecreative.com*\/||.pa-bullet-list-1 ul {||list-style-type: none!important;||}||.pa-bullet-list-1 ul li:before {||content: &#8216;%92e052&#8217;!important;||color: #0099cc;||font-family: &#8216;ETMODULES&#8217;!important;||margin-right: 10px;||margin-left: -14px;||font-size: 1.0em!important;||}&raquo; global_colors_info=&raquo;{}&raquo;]<\/p>\n<p>Trygg Renhold er stort nok til \u00e5 ha ledere og medarbeidere med kunnskaper og erfaring til \u00e5 gjennomf\u00f8re alle delene av oppdragene p\u00e5 en profesjonell m\u00e5te. Samtidig er vi ikke st\u00f8rre enn at vi har en fleksibel organisasjon som innretter seg etter kundens behov. En servicebedrifts arbeid og omd\u00f8mme er i avgj\u00f8rende grad bestemt av de mennesker som arbeider i den og som leder den. Blant v\u00e5re fordeler er at v\u00e5re ledere, i henhold til firmafilosofien, bruker det meste av arbeidstiden ute blant kunder og ansatte, og derved direkte p\u00e5virker renholdskvaliteten og servicesikkerheten. Vi som arbeider i Trygg Renhold anstrenger oss hele tiden for \u00e5 innfri selskapets viktigste serviceprinsipper:<\/p>\n<p>&nbsp;<\/p>\n<ul>\n<li>Kunden skal ha full verdi for sine penger.<\/li>\n<li>V\u00e5r faglige og servicemessige kvalitet skal v\u00e6re noe av det beste i markedet.<\/li>\n<li>V\u00e5re rutiner for kvalitetssikring og kundekontakt skaper et gjensidig godt samarbeid. Dette gj\u00f8r at det er hyggelig for v\u00e5re oppdragsgivere \u00e5 benytte oss.<\/li>\n<\/ul>\n<p>[\/et_pb_text][\/et_pb_column][\/et_pb_row][\/et_pb_section][et_pb_section fb_built=&raquo;1&#8243; _builder_version=&raquo;4.25.1&#8243; _module_preset=&raquo;default&raquo; background_color=&raquo;rgba(0,0,0,0.1)&raquo; custom_padding=&raquo;0px||0px||false|false&raquo; global_colors_info=&raquo;{}&raquo;][et_pb_row column_structure=&raquo;1_2,1_2&#8243; _builder_version=&raquo;4.25.1&#8243; _module_preset=&raquo;default&raquo; global_colors_info=&raquo;{}&raquo;][et_pb_column type=&raquo;1_2&#8243; _builder_version=&raquo;4.25.1&#8243; _module_preset=&raquo;default&raquo; global_colors_info=&raquo;{}&raquo;][et_pb_text _builder_version=&raquo;4.25.1&#8243; _module_preset=&raquo;default&raquo; custom_padding=&raquo;0px||0px||false|false&raquo; global_colors_info=&raquo;{}&raquo;]<\/p>\n<h2 class=\"text-left element-top-50 element-bottom-20 os-animation big default animated fadeIn\" data-os-animation=\"fadeIn\" data-os-animation-delay=\"0s\">Personale<\/h2>\n<p>[\/et_pb_text][et_pb_divider color=&raquo;#0099CC&raquo; divider_weight=&raquo;3px&raquo; module_class=&raquo;dct_ft_dvdr&raquo; _builder_version=&raquo;4.25.1&#8243; max_width=&raquo;15%&raquo; module_alignment=&raquo;left&raquo; custom_margin=&raquo;-20px||0px||false|false&raquo; custom_padding=&raquo;0px||0px||false|false&raquo; locked=&raquo;off&raquo; global_colors_info=&raquo;{}&raquo;][\/et_pb_divider][et_pb_text module_class=&raquo;pa-bullet-list-1&#8243; _builder_version=&raquo;4.25.1&#8243; _module_preset=&raquo;default&raquo; custom_css_free_form=&raquo;\/*bullet checklist by www.peeayecreative.com*\/||.pa-bullet-list-1 ul {||list-style-type: none!important;||}||.pa-bullet-list-1 ul li:before {||content: &#8216;%92e052&#8217;!important;||color: #0099cc;||font-family: &#8216;ETMODULES&#8217;!important;||margin-right: 10px;||margin-left: -14px;||font-size: 1.0em!important;||}&raquo; global_colors_info=&raquo;{}&raquo;]V\u00e5rt personale er fagpersonell \u2013 i alle ledd. Vi s\u00f8rger for at alle gjennomg\u00e5r \u201dgrunnkurs i renhold\u201d. En renholder har alltid en renholdsleder som f\u00f8lger opp og kontrollerer det aktuelle arbeidsstedet. Alle linjeledere og medarbeidere i administrasjonen har god teoretisk bakgrunn og lang erfaring fra sine virksomhetsomr\u00e5der. De fleste linjeledere rekrutteres internt og i den forbindelse benytter vi oss av en kompetansestige i forhold til type lederstilling. Denne videreutdannelsen foreg\u00e5r delvis internt\/delvis eksternt.<br \/>\n<\/p>\n<ul>\n<li>Alle ansatte har ordnede og trygge arbeidsforhold.<\/li>\n<li>Arbeidsoppgaver er godt definerte.<\/li>\n<li>Alle v\u00e5re ansatte snakker og skriver norsk. Vi legger vekt p\u00e5 at alle fremtrer velstelt. V\u00e5rt arbeidst\u00f8y er tydelig merket med logo.<\/li>\n<li>Trygg Renhold har en meget stabil og p\u00e5litelig arbeidsstab. Den gjennomsnittlige ansienniteten i bedriften er 10,5 \u00e5r. 53 % av de ansatte har heltidsstilling som renholder.<\/li>\n<li>Vi har et godt utviklet og innarbeidet HMS-system. Vi har nedfelt alle prosedyrer vedr\u00f8rende personalforhold i v\u00e5r \u201dH\u00e5ndbok for HMS\u201d..<\/li>\n<\/ul>\n<p>[\/et_pb_text][\/et_pb_column][et_pb_column type=&raquo;1_2&#8243; _builder_version=&raquo;4.25.1&#8243; _module_preset=&raquo;default&raquo; global_colors_info=&raquo;{}&raquo;][et_pb_text _builder_version=&raquo;4.25.1&#8243; _module_preset=&raquo;default&raquo; custom_padding=&raquo;0px||0px||false|false&raquo; locked=&raquo;off&raquo; global_colors_info=&raquo;{}&raquo;]<\/p>\n<h2 class=\"text-left element-top-50 element-bottom-20 os-animation big default animated fadeIn\" data-os-animation=\"fadeIn\" data-os-animation-delay=\"0s\">Kvalitet<\/h2>\n<p>[\/et_pb_text][et_pb_divider color=&raquo;#0099CC&raquo; divider_weight=&raquo;3px&raquo; module_class=&raquo;dct_ft_dvdr&raquo; _builder_version=&raquo;4.25.1&#8243; max_width=&raquo;15%&raquo; module_alignment=&raquo;left&raquo; custom_margin=&raquo;-20px||0px||false|false&raquo; custom_padding=&raquo;0px||0px||false|false&raquo; locked=&raquo;off&raquo; global_colors_info=&raquo;{}&raquo;][\/et_pb_divider][et_pb_text module_class=&raquo;pa-bullet-list-1&#8243; _builder_version=&raquo;4.25.1&#8243; _module_preset=&raquo;default&raquo; custom_css_free_form=&raquo;\/*bullet checklist by www.peeayecreative.com*\/||.pa-bullet-list-1 ul {||list-style-type: none!important;||}||.pa-bullet-list-1 ul li:before {||content: &#8216;%92e052&#8217;!important;||color: #0099cc;||font-family: &#8216;ETMODULES&#8217;!important;||margin-right: 10px;||margin-left: -14px;||font-size: 1.0em!important;||}&raquo; locked=&raquo;off&raquo; global_colors_info=&raquo;{}&raquo;]<\/p>\n<p>Trygg Renhold har i alle \u00e5r v\u00e6rt et seri\u00f8st renholdsfirma og st\u00e5tt for kvalitet i alle ledd. Alle ansatte bestreber seg etter \u00e5 leve opp til firmaets motto:<\/p>\n<p>[\/et_pb_text][et_pb_testimonial font_icon=&raquo;&#x7c;||divi||400&#8243; use_icon_font_size=&raquo;on&raquo; icon_font_size=&raquo;30px&raquo; _builder_version=&raquo;4.25.1&#8243; _module_preset=&raquo;default&raquo; body_font=&raquo;|600|||||||&raquo; body_font_size=&raquo;16px&raquo; width=&raquo;80%&raquo; max_width=&raquo;80%&raquo; module_alignment=&raquo;center&raquo; height=&raquo;40px&raquo; max_height=&raquo;40px&raquo; global_colors_info=&raquo;{}&raquo;]<\/p>\n<p style=\"text-align: center;\"><em>V\u00e5r jobb \u2013 din trivsel<\/em><\/p>\n<p>[\/et_pb_testimonial][et_pb_text module_class=&raquo;pa-bullet-list-1&#8243; _builder_version=&raquo;4.25.1&#8243; _module_preset=&raquo;default&raquo; custom_css_free_form=&raquo;\/*bullet checklist by www.peeayecreative.com*\/||.pa-bullet-list-1 ul {||list-style-type: none!important;||}||.pa-bullet-list-1 ul li:before {||content: &#8216;%92e052&#8217;!important;||color: #0099cc;||font-family: &#8216;ETMODULES&#8217;!important;||margin-right: 10px;||margin-left: -14px;||font-size: 1.0em!important;||}&raquo; locked=&raquo;off&raquo; global_colors_info=&raquo;{}&raquo;]<\/p>\n<ul>\n<li>Trygg Renhold har drevet renholdsarbeid i over 80 \u00e5r og kan med sine noe over 80 ansatte vise til et omsetningsbudsjett for innev\u00e6rende \u00e5r p\u00e5 ca. 44 millioner kroner.<\/li>\n<\/ul>\n<p>[\/et_pb_text][\/et_pb_column][\/et_pb_row][\/et_pb_section][et_pb_section fb_built=&raquo;1&#8243; _builder_version=&raquo;4.25.1&#8243; _module_preset=&raquo;default&raquo; custom_padding=&raquo;50px||20px||false|false&raquo; global_colors_info=&raquo;{}&raquo;][et_pb_row _builder_version=&raquo;4.25.1&#8243; _module_preset=&raquo;default&raquo; global_colors_info=&raquo;{}&raquo;][et_pb_column type=&raquo;4_4&#8243; _builder_version=&raquo;4.25.1&#8243; _module_preset=&raquo;default&raquo; global_colors_info=&raquo;{}&raquo;][et_pb_text _builder_version=&raquo;4.25.1&#8243; _module_preset=&raquo;default&raquo; custom_padding=&raquo;0px||0px||false|false&raquo; global_colors_info=&raquo;{}&raquo;]<\/p>\n<h2 class=\"text-left element-top-50 element-bottom-20 os-animation big default animated fadeIn\" data-os-animation=\"fadeIn\" data-os-animation-delay=\"0s\">Historikk<\/h2>\n<p>[\/et_pb_text][et_pb_divider color=&raquo;#0099CC&raquo; divider_weight=&raquo;3px&raquo; module_class=&raquo;dct_ft_dvdr&raquo; _builder_version=&raquo;4.25.1&#8243; max_width=&raquo;15%&raquo; module_alignment=&raquo;left&raquo; custom_margin=&raquo;-20px||0px||false|false&raquo; custom_padding=&raquo;0px||0px||false|false&raquo; locked=&raquo;off&raquo; global_colors_info=&raquo;{}&raquo;][\/et_pb_divider][et_pb_text module_class=&raquo;pa-bullet-list-1&#8243; _builder_version=&raquo;4.25.1&#8243; _module_preset=&raquo;default&raquo; custom_css_free_form=&raquo;\/*bullet checklist by www.peeayecreative.com*\/||.pa-bullet-list-1 ul {||list-style-type: none!important;||}||.pa-bullet-list-1 ul li:before {||content: &#8216;%92e052&#8217;!important;||color: #0099cc;||font-family: &#8216;ETMODULES&#8217;!important;||margin-right: 10px;||margin-left: -14px;||font-size: 1.0em!important;||}&raquo; global_colors_info=&raquo;{}&raquo;]<\/p>\n<ul>\n<li>I 1945 ble firmaet \u201dTrygg vask og vinduspuss\u201d grunnlagt. Etter en omorganisering i 1964 fikk firmaet navnet Trygg Rengj\u00f8ringsbyr\u00e5 A.S.<\/li>\n<li>I 1976 ble firmaet Stor-Oslo Rengj\u00f8ring Service a.s stiftet. Etter at Trygve Auren og Nils Larsen tok over ledelsen i begge firmaer, utviklet det seg et n\u00e6rt samarbeid og i 1989 fusjonerte begge firmaer og det nye selskapet fikk navnet Trygg Renhold A\/S Stor Oslo.<\/li>\n<li>Selskapet har hatt en sunn \u00f8konomisk utvikling og regnes som et av de st\u00f8rre renholdsfirmaene i Oslo-regionen.<\/li>\n<li>Fra fusjonen i 1989 har omsetningen \u00f8kt fra 6,2 mill. til dagens 35 mill.<\/li>\n<li>Trygg Renhold A\/S er et 100% norskeid selskap.Kunden skal ha full verdi for sine penger.<\/li>\n<\/ul>\n<p>[\/et_pb_text][\/et_pb_column][\/et_pb_row][\/et_pb_section]<\/p>\n","protected":false},"excerpt":{"rendered":"<p>Trygg Renhold &#8211; et godt og stabilt renholdsfirmaTrygg Renhold er stort nok til \u00e5 ha ledere og medarbeidere med kunnskaper og erfaring til \u00e5 gjennomf\u00f8re alle delene av oppdragene p\u00e5 en profesjonell m\u00e5te. Samtidig er vi ikke st\u00f8rre enn at vi har en fleksibel organisasjon som innretter seg etter kundens behov. En servicebedrifts arbeid og [&hellip;]<\/p>\n","protected":false},"author":1,"featured_media":0,"parent":0,"menu_order":0,"comment_status":"closed","ping_status":"closed","template":"","meta":{"_et_pb_use_builder":"on","_et_pb_old_content":"","_et_gb_content_width":"","footnotes":""},"class_list":["post-987497715","page","type-page","status-publish","hentry"],"_links":{"self":[{"href":"https:\/\/tryggrenhold.no\/index.php?rest_route=\/wp\/v2\/pages\/987497715","targetHints":{"allow":["GET"]}}],"collection":[{"href":"https:\/\/tryggrenhold.no\/index.php?rest_route=\/wp\/v2\/pages"}],"about":[{"href":"https:\/\/tryggrenhold.no\/index.php?rest_route=\/wp\/v2\/types\/page"}],"author":[{"embeddable":true,"href":"https:\/\/tryggrenhold.no\/index.php?rest_route=\/wp\/v2\/users\/1"}],"replies":[{"embeddable":true,"href":"https:\/\/tryggrenhold.no\/index.php?rest_route=%2Fwp%2Fv2%2Fcomments&post=987497715"}],"version-history":[{"count":5,"href":"https:\/\/tryggrenhold.no\/index.php?rest_route=\/wp\/v2\/pages\/987497715\/revisions"}],"predecessor-version":[{"id":987497788,"href":"https:\/\/tryggrenhold.no\/index.php?rest_route=\/wp\/v2\/pages\/987497715\/revisions\/987497788"}],"wp:attachment":[{"href":"https:\/\/tryggrenhold.no\/index.php?rest_route=%2Fwp%2Fv2%2Fmedia&parent=987497715"}],"curies":[{"name":"wp","href":"https:\/\/api.w.org\/{rel}","templated":true}]}}